{"id":105,"date":"2011-06-22T10:39:29","date_gmt":"2011-06-22T10:39:29","guid":{"rendered":"http:\/\/www.demmelhuber-bochum.de\/?page_id=105"},"modified":"2011-08-23T11:34:04","modified_gmt":"2011-08-23T09:34:04","slug":"moderne-heizkonzepte","status":"publish","type":"page","link":"https:\/\/www.demmelhuber-bochum.de\/?page_id=105","title":{"rendered":"Moderne Heizkonzepte"},"content":{"rendered":"<p style=\"text-align: justify;\"><strong>Die Zukunft ist bereits eingebaut:<\/strong><br \/>\nModerne Gas- oder \u00d6l Brennwertkessel bietet mit ihrem unschlagbaren Preis\/Leistungsverh\u00e4ltnis und einem enorm hohen Wirkungsgrad eine hervorragende Basis zur Einsparung von Energiekosten. Ganz nebenbei leisten Sie einen aktiven Beitrag zum Umwelt- und Klimaschutz.<br \/>\nIn Verbindung mit einer in das Gesamtsystem eingebunden Solaranlage f\u00fcr die Warmwasseraufbereitung und\/ oder zur Heizungsunterst\u00fctzung nutzen Sie zus\u00e4tzlich kostenlose Energie aus der Umwelt.<br \/>\nDas Einsparungspotential erh\u00f6ht sich enorm und entlastet Sie als Anlagenbetreiber bei den Energiekosten.<br \/>\nWir beraten Sie gern bei der Frage, welches System f\u00fcr Ihre Immobilie und Ihren Nutzungsgewohnheiten in Frage kommt, stellen Alternativen und L\u00f6sungskonzepte gegen\u00fcber und montieren Ihre neue Anlagentechnik durch unsere geschulten Installateure.<br \/>\n<strong>Nat\u00fcrlich zum Festpreis.<\/strong><\/p>\n","protected":false},"excerpt":{"rendered":"<p>Die Zukunft ist bereits eingebaut: Moderne Gas- oder \u00d6l Brennwertkessel bietet mit ihrem unschlagbaren Preis\/Leistungsverh\u00e4ltnis und einem enorm hohen Wirkungsgrad eine hervorragende Basis zur Einsparung von Energiekosten. Ganz nebenbei leisten Sie einen aktiven Beitrag zum Umwelt- und Klimaschutz. In Verbindung mit einer in das Gesamtsystem eingebunden Solaranlage f\u00fcr die Warmwasseraufbereitung und\/ oder zur Heizungsunterst\u00fctzung nutzen [&hellip;]<\/p>\n","protected":false},"author":1,"featured_media":22,"parent":0,"menu_order":0,"comment_status":"closed","ping_status":"closed","template":"","meta":{"ngg_post_thumbnail":0,"footnotes":""},"class_list":["post-105","page","type-page","status-publish","has-post-thumbnail","hentry"],"aioseo_notices":[],"_links":{"self":[{"href":"https:\/\/www.demmelhuber-bochum.de\/index.php?rest_route=\/wp\/v2\/pages\/105","targetHints":{"allow":["GET"]}}],"collection":[{"href":"https:\/\/www.demmelhuber-bochum.de\/index.php?rest_route=\/wp\/v2\/pages"}],"about":[{"href":"https:\/\/www.demmelhuber-bochum.de\/index.php?rest_route=\/wp\/v2\/types\/page"}],"author":[{"embeddable":true,"href":"https:\/\/www.demmelhuber-bochum.de\/index.php?rest_route=\/wp\/v2\/users\/1"}],"replies":[{"embeddable":true,"href":"https:\/\/www.demmelhuber-bochum.de\/index.php?rest_route=%2Fwp%2Fv2%2Fcomments&post=105"}],"version-history":[{"count":24,"href":"https:\/\/www.demmelhuber-bochum.de\/index.php?rest_route=\/wp\/v2\/pages\/105\/revisions"}],"predecessor-version":[{"id":363,"href":"https:\/\/www.demmelhuber-bochum.de\/index.php?rest_route=\/wp\/v2\/pages\/105\/revisions\/363"}],"wp:featuredmedia":[{"embeddable":true,"href":"https:\/\/www.demmelhuber-bochum.de\/index.php?rest_route=\/wp\/v2\/media\/22"}],"wp:attachment":[{"href":"https:\/\/www.demmelhuber-bochum.de\/index.php?rest_route=%2Fwp%2Fv2%2Fmedia&parent=105"}],"curies":[{"name":"wp","href":"https:\/\/api.w.org\/{rel}","templated":true}]}}