{"id":120,"date":"2011-06-22T11:52:42","date_gmt":"2011-06-22T11:52:42","guid":{"rendered":"http:\/\/www.demmelhuber-bochum.de\/?page_id=120"},"modified":"2011-08-22T20:24:08","modified_gmt":"2011-08-22T18:24:08","slug":"badgestaltung","status":"publish","type":"page","link":"https:\/\/www.demmelhuber-bochum.de\/?page_id=120","title":{"rendered":"Badgestaltung"},"content":{"rendered":"<p><strong>In wenigen Schritten zum neuen Badezimmer.<\/strong><\/p>\n<p><strong>So wird\u2019s gemacht:<\/strong><\/p>\n<ol>\n<li>Nehmen Sie <a title=\"Kontakt\" href=\"https:\/\/www.demmelhuber-bochum.de\/?page_id=65\">Kontakt<\/a> mit unserm B\u00fcro auf und vereinbaren Sie einen Beratungstermin mit unserem Badspezialisten.<\/li>\n<li>Bei einem ersten Besuch bei Ihnen nehmen wir die \u00f6rtlichen Ma\u00dfe auf und erkundigen uns nach Ihren W\u00fcnschen<\/li>\n<li>Mit diesen Informationen erstellen wir mit Unterst\u00fctzung modernster Badplanungssoftware 2-3 Variationen. Gemeinsam finden wir den Grundriss f\u00fcr Ihr neues Badezimmer.<br \/>\nEin Beispiel:<br \/>\nngg_shortcode_0_placeholder<\/li>\n<li>Nun wird konkret die Auswahl von Armaturen und Einrichtungen, M\u00f6bel, Fliesen oder anderen Wandbel\u00e4ge, Beleuchtung etc.\u00a0 mit Ihnen festgelegt und ein Angebot erstellt.<br \/>\n<strong>Nat\u00fcrlich zum Festpreis!<\/strong><\/li>\n<li>Nach der Beauftragung erstellen wir einen verbindlichen Ablaufplan mit unseren Partnerfirmen und bauen Ihr neues Badezimmer mit allen Gewerken.<\/li>\n<li>Wir nehmen mit Ihnen das neue Badezimmer in Betrieb und weisen Sie in die Funktionen ein.<\/li>\n<\/ol>\n<p><strong>Sie geniessen Ihr neues Bad von der Fa. Demmelhuber!<\/strong><\/p>\n","protected":false},"excerpt":{"rendered":"<p>In wenigen Schritten zum neuen Badezimmer. So wird\u2019s gemacht: Nehmen Sie Kontakt mit unserm B\u00fcro auf und vereinbaren Sie einen Beratungstermin mit unserem Badspezialisten. Bei einem ersten Besuch bei Ihnen nehmen wir die \u00f6rtlichen Ma\u00dfe auf und erkundigen uns nach Ihren W\u00fcnschen Mit diesen Informationen erstellen wir mit Unterst\u00fctzung modernster Badplanungssoftware 2-3 Variationen. Gemeinsam finden [&hellip;]<\/p>\n","protected":false},"author":1,"featured_media":121,"parent":0,"menu_order":0,"comment_status":"closed","ping_status":"closed","template":"","meta":{"ngg_post_thumbnail":0,"footnotes":""},"class_list":["post-120","page","type-page","status-publish","has-post-thumbnail","hentry"],"aioseo_notices":[],"_links":{"self":[{"href":"https:\/\/www.demmelhuber-bochum.de\/index.php?rest_route=\/wp\/v2\/pages\/120","targetHints":{"allow":["GET"]}}],"collection":[{"href":"https:\/\/www.demmelhuber-bochum.de\/index.php?rest_route=\/wp\/v2\/pages"}],"about":[{"href":"https:\/\/www.demmelhuber-bochum.de\/index.php?rest_route=\/wp\/v2\/types\/page"}],"author":[{"embeddable":true,"href":"https:\/\/www.demmelhuber-bochum.de\/index.php?rest_route=\/wp\/v2\/users\/1"}],"replies":[{"embeddable":true,"href":"https:\/\/www.demmelhuber-bochum.de\/index.php?rest_route=%2Fwp%2Fv2%2Fcomments&post=120"}],"version-history":[{"count":25,"href":"https:\/\/www.demmelhuber-bochum.de\/index.php?rest_route=\/wp\/v2\/pages\/120\/revisions"}],"predecessor-version":[{"id":190,"href":"https:\/\/www.demmelhuber-bochum.de\/index.php?rest_route=\/wp\/v2\/pages\/120\/revisions\/190"}],"wp:featuredmedia":[{"embeddable":true,"href":"https:\/\/www.demmelhuber-bochum.de\/index.php?rest_route=\/wp\/v2\/media\/121"}],"wp:attachment":[{"href":"https:\/\/www.demmelhuber-bochum.de\/index.php?rest_route=%2Fwp%2Fv2%2Fmedia&parent=120"}],"curies":[{"name":"wp","href":"https:\/\/api.w.org\/{rel}","templated":true}]}}