{"id":131,"date":"2011-06-22T12:13:15","date_gmt":"2011-06-22T12:13:15","guid":{"rendered":"http:\/\/www.demmelhuber-bochum.de\/?page_id=131"},"modified":"2011-08-23T18:33:38","modified_gmt":"2011-08-23T16:33:38","slug":"service-notdienst","status":"publish","type":"page","link":"https:\/\/www.demmelhuber-bochum.de\/?page_id=131","title":{"rendered":"Service &#038; Notdienst"},"content":{"rendered":"<p style=\"text-align: justify;\"><strong>Gerne stehen Ihnen unsere Kundendiensttechniker bei der Behebung von Problemen zur Verf\u00fcgung.<\/strong><br \/>\nSei es das defekte Heizk\u00f6rperventil oder der tropfende Wasserhahn: die Ausf\u00fchrung von Wartungen oder Enst\u00f6rungen von W\u00e4rmeerzeugern ist f\u00fcr unsere geschulten und motivierten Monteure Programm.<br \/>\n<strong>Zur optimalen Betreuung unserer Kunden haben wir nach Gesch\u00e4ftsschluss sowie an Wochenenden und Feiertagen einen Notdienst eingerichtet.<\/strong><\/p>\n","protected":false},"excerpt":{"rendered":"<p>Gerne stehen Ihnen unsere Kundendiensttechniker bei der Behebung von Problemen zur Verf\u00fcgung. Sei es das defekte Heizk\u00f6rperventil oder der tropfende Wasserhahn: die Ausf\u00fchrung von Wartungen oder Enst\u00f6rungen von W\u00e4rmeerzeugern ist f\u00fcr unsere geschulten und motivierten Monteure Programm. Zur optimalen Betreuung unserer Kunden haben wir nach Gesch\u00e4ftsschluss sowie an Wochenenden und Feiertagen einen Notdienst eingerichtet.<\/p>\n","protected":false},"author":1,"featured_media":132,"parent":0,"menu_order":0,"comment_status":"closed","ping_status":"closed","template":"","meta":{"ngg_post_thumbnail":0,"footnotes":""},"class_list":["post-131","page","type-page","status-publish","has-post-thumbnail","hentry"],"aioseo_notices":[],"_links":{"self":[{"href":"https:\/\/www.demmelhuber-bochum.de\/index.php?rest_route=\/wp\/v2\/pages\/131","targetHints":{"allow":["GET"]}}],"collection":[{"href":"https:\/\/www.demmelhuber-bochum.de\/index.php?rest_route=\/wp\/v2\/pages"}],"about":[{"href":"https:\/\/www.demmelhuber-bochum.de\/index.php?rest_route=\/wp\/v2\/types\/page"}],"author":[{"embeddable":true,"href":"https:\/\/www.demmelhuber-bochum.de\/index.php?rest_route=\/wp\/v2\/users\/1"}],"replies":[{"embeddable":true,"href":"https:\/\/www.demmelhuber-bochum.de\/index.php?rest_route=%2Fwp%2Fv2%2Fcomments&post=131"}],"version-history":[{"count":11,"href":"https:\/\/www.demmelhuber-bochum.de\/index.php?rest_route=\/wp\/v2\/pages\/131\/revisions"}],"predecessor-version":[{"id":373,"href":"https:\/\/www.demmelhuber-bochum.de\/index.php?rest_route=\/wp\/v2\/pages\/131\/revisions\/373"}],"wp:featuredmedia":[{"embeddable":true,"href":"https:\/\/www.demmelhuber-bochum.de\/index.php?rest_route=\/wp\/v2\/media\/132"}],"wp:attachment":[{"href":"https:\/\/www.demmelhuber-bochum.de\/index.php?rest_route=%2Fwp%2Fv2%2Fmedia&parent=131"}],"curies":[{"name":"wp","href":"https:\/\/api.w.org\/{rel}","templated":true}]}}