{"id":429,"date":"2011-12-24T11:59:20","date_gmt":"2011-12-24T09:59:20","guid":{"rendered":"http:\/\/www.demmelhuber-bochum.de\/?page_id=429"},"modified":"2012-11-01T23:50:11","modified_gmt":"2012-11-01T21:50:11","slug":"mikro-kwk-auf-stirling-basis","status":"publish","type":"page","link":"https:\/\/www.demmelhuber-bochum.de\/?page_id=429","title":{"rendered":"Mikro-KWK auf Stirling-Basis"},"content":{"rendered":"<p style=\"text-align: justify;\">Kompakte Abmessungen und die Kombination mit bew\u00e4hrter Technik machen den Einsatz der Kraft-W\u00e4rme-Kopplung (KWK) jetzt auch zur Modernisierung im Ein- und Zweifamilienhaus m\u00f6glich. Das Mikro-KWK-Ger\u00e4t Vitotwin 300-W deckt den W\u00e4rmebedarf des Geb\u00e4udes und eignet sich ideal zur Grundlastabdeckung des Strombedarfs. In einem kompakten Wandger\u00e4te-Geh\u00e4use sind ein Stirling-Motor und ein Gas-Brennwertger\u00e4t als Spitzenlastkessel vereint.<br \/>\n<strong>Komfortabel Heizen und Strom selber nutzen<\/strong><\/p>\n<p style=\"text-align: justify;\">Das Mikro-KWK Vitotwin 300-W ist eine echte Alternative zu konventionellen Heizsystemen bei der Modernisierung. Gegen\u00fcber einem veralteten Gas-Heizwertkessel wird nicht nur W\u00e4rme erzeugt, sondern zus\u00e4tzlich Strom f\u00fcr den Eigenbedarf, was den Gesamtnutzungsgrad der Anlage deutlich erh\u00f6ht. Nicht genutzter Strom wird in das EVU-Netz eingespeist.<\/p>\n<p style=\"text-align: justify;\">Dank des integrierten Gas-Brennwertkessels Vitodens 200-W ist das Mikro-KWK ein autarker W\u00e4rmeversorger. Bei h\u00f6herem W\u00e4rmebedarf \u00fcbernimmt das Gas-Brennwertmodul die fehlende Leistung.<\/p>\n<p style=\"text-align: justify;\">ngg_shortcode_0_placeholder<\/p>\n<p style=\"text-align: justify;\">In dem Mikro-KWK-Ger\u00e4t Vitotwin 300-W \u00fcbernimmt ein Stirling-Motor die Stromerzeugung. Er wird von einem Gasbrenner betrieben. Bei der Stromerzeugung entstehen im Stirling-Motor Temperaturen von ca. 500 \u00b0C. Gen\u00fcgend Abw\u00e4rme also, um \u2013 quasi nebenbei \u2013 Energie f\u00fcr Heizung und Trinkwassererw\u00e4rmung zu erzeugen. Energie, die f\u00fcr die meiste Zeit des Jahres ausreicht.<\/p>\n<p style=\"text-align: justify;\">Der Stirling-Motor des Mikro-KWK Vitotwin 300-W ist hermetisch geschlossen, arbeitet laufruhig und ist nahezu wartungsfrei. Diese Eigenschaften erm\u00f6glichen die wohnraumnahe Installation. Besonders wirtschaftlich arbeitet das Ger\u00e4t bei einem j\u00e4hrlichen Gasverbrauch von mindestens 20 000 kWh und einem Stromverbrauch von mehr als 3000 kWh pro Jahr. Das entspricht dem Bedarf eines durchschnittlichen Ein- oder Zweifamilienhaus. Reicht der Strom nicht aus, wird die ben\u00f6tigte Stromspitze von einem Stromanbieter bezogen. Andernfalls wird nicht genutzter Strom in das Netz des lokalen Energieversorgers eingespeist.<\/p>\n<h3>Profitieren Sie von diesen Vorteilen des Mikro-KWK Vitotwin 300-W:<\/h3>\n<ul>\n<li>Ideal geeignet zur Modernisierung von Ein- und Zweifamilienh\u00e4usern<\/li>\n<li>Parallele Erzeugung von Strom und W\u00e4rme<\/li>\n<li>Minimierung der Stromkosten<\/li>\n<li>Sehr leiser Betrieb<\/li>\n<li>Kompakte Abmessungen und hohe Servicefreundlichkeit<\/li>\n<li>Integrierter Stromz\u00e4hler erm\u00f6glicht Abrechnung der staatlichen Stromf\u00f6rderung<\/li>\n<li>Energiesteuerr\u00fcckerstattung des Stirling-Gasverbrauchs wird mittels integriertem Gasz\u00e4hler m\u00f6glich<\/li>\n<li>Wartungsfreier Stirling-Motor<\/li>\n<li>Einfache Installation (\u00e4hnlich wie Gas-Wandger\u00e4t)<\/li>\n<li>Staatliche F\u00f6rderung f\u00fcr erzeugten Strom<\/li>\n<\/ul>\n<p>[http:\/\/youtube.com\/watch?v=XtgFU7sokC0]<\/p>\n","protected":false},"excerpt":{"rendered":"<p>Kompakte Abmessungen und die Kombination mit bew\u00e4hrter Technik machen den Einsatz der Kraft-W\u00e4rme-Kopplung (KWK) jetzt auch zur Modernisierung im Ein- und Zweifamilienhaus m\u00f6glich. Das Mikro-KWK-Ger\u00e4t Vitotwin 300-W deckt den W\u00e4rmebedarf des Geb\u00e4udes und eignet sich ideal zur Grundlastabdeckung des Strombedarfs. In einem kompakten Wandger\u00e4te-Geh\u00e4use sind ein Stirling-Motor und ein Gas-Brennwertger\u00e4t als Spitzenlastkessel vereint. Komfortabel Heizen [&hellip;]<\/p>\n","protected":false},"author":1,"featured_media":435,"parent":0,"menu_order":0,"comment_status":"closed","ping_status":"closed","template":"","meta":{"ngg_post_thumbnail":0,"footnotes":""},"class_list":["post-429","page","type-page","status-publish","has-post-thumbnail","hentry"],"aioseo_notices":[],"_links":{"self":[{"href":"https:\/\/www.demmelhuber-bochum.de\/index.php?rest_route=\/wp\/v2\/pages\/429","targetHints":{"allow":["GET"]}}],"collection":[{"href":"https:\/\/www.demmelhuber-bochum.de\/index.php?rest_route=\/wp\/v2\/pages"}],"about":[{"href":"https:\/\/www.demmelhuber-bochum.de\/index.php?rest_route=\/wp\/v2\/types\/page"}],"author":[{"embeddable":true,"href":"https:\/\/www.demmelhuber-bochum.de\/index.php?rest_route=\/wp\/v2\/users\/1"}],"replies":[{"embeddable":true,"href":"https:\/\/www.demmelhuber-bochum.de\/index.php?rest_route=%2Fwp%2Fv2%2Fcomments&post=429"}],"version-history":[{"count":8,"href":"https:\/\/www.demmelhuber-bochum.de\/index.php?rest_route=\/wp\/v2\/pages\/429\/revisions"}],"predecessor-version":[{"id":634,"href":"https:\/\/www.demmelhuber-bochum.de\/index.php?rest_route=\/wp\/v2\/pages\/429\/revisions\/634"}],"wp:featuredmedia":[{"embeddable":true,"href":"https:\/\/www.demmelhuber-bochum.de\/index.php?rest_route=\/wp\/v2\/media\/435"}],"wp:attachment":[{"href":"https:\/\/www.demmelhuber-bochum.de\/index.php?rest_route=%2Fwp%2Fv2%2Fmedia&parent=429"}],"curies":[{"name":"wp","href":"https:\/\/api.w.org\/{rel}","templated":true}]}}