{"id":65,"date":"2011-06-21T16:42:25","date_gmt":"2011-06-21T16:42:25","guid":{"rendered":"http:\/\/www.demmelhuber-bochum.de\/?page_id=65"},"modified":"2011-08-28T11:53:34","modified_gmt":"2011-08-28T09:53:34","slug":"kontakt","status":"publish","type":"page","link":"https:\/\/www.demmelhuber-bochum.de\/?page_id=65","title":{"rendered":"Kontakt"},"content":{"rendered":"<h3>Viele kurze Wege f\u00fchren zu uns!<\/h3>\n<p>Welchen bevorzugen Sie?<\/p>\n<p>Sie k\u00f6nnen uns per<br \/>\nFon: 0234 3338555-1 pers\u00f6nlich erreichen, uns ein<br \/>\nFax: 0234 3338555-3 schicken, mit<br \/>\ninfo@demmelhuber-bochum.de eine Email schreiben oder<\/p>\n<p>dieses Kontaktformular nutzen:<\/p>\n\n\t\t<form enctype=\"multipart\/form-data\" action=\"\/index.php?rest_route=%2Fwp%2Fv2%2Fpages%2F65#usermessageb\" method=\"post\" class=\"cform your-default-form \" id=\"cformsform\">\n\t\t<ol class=\"cf-ol\">\n\t\t\t<li id=\"li--1\" class=\"\"><label for=\"cf_field_1\"><span>Name<\/span><\/label><input type=\"text\" name=\"cf_field_1\" id=\"cf_field_1\" class=\"single fldrequired\" value=\"\" onfocus=\"clearField(this)\" onblur=\"setField(this)\"\/><span class=\"reqtxt\">(*)<\/span><\/li>\n\t\t\t<li id=\"li--2\" class=\"\"><label for=\"cf_field_2\"><span>Email<\/span><\/label><input type=\"text\" name=\"cf_field_2\" id=\"cf_field_2\" class=\"single fldemail fldrequired\" value=\"\"\/><span class=\"emailreqtxt\">(gueltige Email)<\/span><\/li>\n\t\t\t<li id=\"li--3\" class=\"\"><label for=\"cf_field_3\"><span>Telefonnummer<\/span><\/label><input type=\"text\" name=\"cf_field_3\" id=\"cf_field_3\" class=\"single\" value=\"\"\/><\/li>\n\t\t\t<li id=\"li--4\" class=\"\"><label for=\"cf_field_4\"><span>Nachricht<\/span><\/label><textarea cols=\"30\" rows=\"8\" name=\"cf_field_4\" id=\"cf_field_4\" class=\"area fldrequired\"><\/textarea><span class=\"reqtxt\">(*)<\/span><\/li>\n\t\t\t<li id=\"li--5\" class=\"\"><label for=\"cforms_captcha\" class=\"seccap\"><span>Spamschutz<\/span><\/label><input type=\"text\" name=\"cforms_captcha\" id=\"cforms_captcha\" class=\"secinput\" value=\"\"\/><img decoding=\"async\" id=\"cf_captcha_img\" class=\"captcha\" src=\"https:\/\/www.demmelhuber-bochum.de\/wp-content\/plugins\/cforms\/cforms-captcha.php?ts=&amp;c1=4&amp;c2=5&amp;ac=ABCDEFGHIJKLMNPQRSTUVW23456789&amp;i=i&amp;w=115&amp;h=25&amp;c=CC021A&amp;l=CC021A&amp;f=font4.ttf&amp;a1=-12&amp;a2=12&amp;f1=17&amp;f2=19&amp;b=1.gif\" alt=\"\"\/><a title=\"reset captcha image\" href=\"javascript:reset_captcha('')\"><img decoding=\"async\" class=\"captcha-reset\" src=\"https:\/\/www.demmelhuber-bochum.de\/wp-content\/plugins\/cforms\/images\/spacer.gif\" alt=\"Captcha\"\/><\/a><\/li>\n\t\t<\/ol>\n\t\t<fieldset class=\"cf_hidden\">\n\t\t\t<legend>&nbsp;<\/legend>\n\t\t\t<input type=\"hidden\" name=\"cf_working\" id=\"cf_working\" value=\"Einen%20Moment%20bitte...\"\/>\n\t\t\t<input type=\"hidden\" name=\"cf_failure\" id=\"cf_failure\" value=\"Bitte%20diese%20%28%2A%29%20Plichtfelder%20ausfuellen\"\/>\n\t\t\t<input type=\"hidden\" name=\"cf_codeerr\" id=\"cf_codeerr\" value=\"Please%20double-check%20your%20verification%20code.\"\/>\n\t\t\t<input type=\"hidden\" name=\"cf_customerr\" id=\"cf_customerr\" value=\"yyy\"\/>\n\t\t\t<input type=\"hidden\" name=\"cf_popup\" id=\"cf_popup\" value=\"nn\"\/>\n\t\t<\/fieldset>\n\t\t<p class=\"cf-sb\"><input type=\"submit\" name=\"sendbutton\" id=\"sendbutton\" class=\"sendbutton\" value=\"Senden\" onclick=\"return cforms_validate('', false)\"\/><\/p><\/form><p class=\"linklove\" id=\"ll\"> <\/p>\t\t<div id=\"usermessageb\" class=\"cf_info \" ><\/div>\n\n","protected":false},"excerpt":{"rendered":"<p>Viele kurze Wege f\u00fchren zu uns! Welchen bevorzugen Sie? Sie k\u00f6nnen uns per Fon: 0234 3338555-1 pers\u00f6nlich erreichen, uns ein Fax: 0234 3338555-3 schicken, mit info@demmelhuber-bochum.de eine Email schreiben oder dieses Kontaktformular nutzen: Name(*) Email(gueltige Email) Telefonnummer Nachricht(*) Spamschutz &nbsp;<\/p>\n","protected":false},"author":1,"featured_media":0,"parent":0,"menu_order":0,"comment_status":"closed","ping_status":"closed","template":"template_contact_eigenes.php","meta":{"ngg_post_thumbnail":0,"footnotes":""},"class_list":["post-65","page","type-page","status-publish","hentry"],"aioseo_notices":[],"_links":{"self":[{"href":"https:\/\/www.demmelhuber-bochum.de\/index.php?rest_route=\/wp\/v2\/pages\/65","targetHints":{"allow":["GET"]}}],"collection":[{"href":"https:\/\/www.demmelhuber-bochum.de\/index.php?rest_route=\/wp\/v2\/pages"}],"about":[{"href":"https:\/\/www.demmelhuber-bochum.de\/index.php?rest_route=\/wp\/v2\/types\/page"}],"author":[{"embeddable":true,"href":"https:\/\/www.demmelhuber-bochum.de\/index.php?rest_route=\/wp\/v2\/users\/1"}],"replies":[{"embeddable":true,"href":"https:\/\/www.demmelhuber-bochum.de\/index.php?rest_route=%2Fwp%2Fv2%2Fcomments&post=65"}],"version-history":[{"count":6,"href":"https:\/\/www.demmelhuber-bochum.de\/index.php?rest_route=\/wp\/v2\/pages\/65\/revisions"}],"predecessor-version":[{"id":376,"href":"https:\/\/www.demmelhuber-bochum.de\/index.php?rest_route=\/wp\/v2\/pages\/65\/revisions\/376"}],"wp:attachment":[{"href":"https:\/\/www.demmelhuber-bochum.de\/index.php?rest_route=%2Fwp%2Fv2%2Fmedia&parent=65"}],"curies":[{"name":"wp","href":"https:\/\/api.w.org\/{rel}","templated":true}]}}