{"id":95,"date":"2011-06-21T23:27:13","date_gmt":"2011-06-21T23:27:13","guid":{"rendered":"http:\/\/www.demmelhuber-bochum.de\/?page_id=95"},"modified":"2013-04-17T22:23:18","modified_gmt":"2013-04-17T20:23:18","slug":"infothek","status":"publish","type":"page","link":"https:\/\/www.demmelhuber-bochum.de\/?page_id=95","title":{"rendered":"Infothek"},"content":{"rendered":"<h5>Badplanung:<\/h5>\n<p>Hans Grohe <a title=\"Hans Grohe Komplettkatalog\" href=\"http:\/\/www.hansgrohe.de\/assets\/global\/hg_kompakt-katalog.pdf\" target=\"_blank\">Komplettkatalog<\/a><\/p>\n<p><a href=\"https:\/\/www.demmelhuber-bochum.de\/wp-content\/uploads\/naturofloor1.jpg\"><img loading=\"lazy\" decoding=\"async\" src=\"https:\/\/www.demmelhuber-bochum.de\/wp-content\/uploads\/naturofloor1-150x150.jpg\" alt=\"\" title=\"Naturofloor\" width=\"150\" height=\"150\" class=\"alignleft size-thumbnail wp-image-263\" \/><\/a>Die fugenlose Alternative zu Fliesen: <a title=\"Die fugenlose Alternative zu Fliesen\" href=\"http:\/\/www.savamea.de\" target=\"_blank\">Naturofloor by Savamea<\/a><br \/>\n<em>Fugenlose Bodenbel\u00e4ge sind bei Wohnexperten ein absolutes Muss, deshalb erfreut sich Naturofloor immer gr\u00f6\u00dferer Beliebtheit. Der Bodenbelag von Naturofloor bietet noch zahlreiche weitere Vorteile: Mineralische Bodenbel\u00e4ge von Naturofloor liegen absolut im Trend, haben einen einmaligen, handgefertigten Belag und stellen wegen ihrer unendlichen Vielfalt echte Unikate dar.<\/em><br \/>\n<span style=\"color: #ffffff;\"> .<\/span><\/p>\n<h4>Regenerierbare Energien:<\/h4>\n<p>Viessmann: <a title=\"Strom von der Sonne\" href=\" http:\/\/www.viessmann.de\/etc\/medialib\/internet-global\/pdf_documents\/energiearten-prospekte.Par.58420.File.File.tmp\/pr_strom_von_der_sonne.pdf\" target=\"_blank\">Strom von der Sonne<\/a><\/p>\n<p>Viessmann: <a title=\"Energie von der Sonne\" href=\"http:\/\/www.viessmann.de\/etc\/medialib\/internet-global\/pdf_documents\/energiearten-prospekte.Par.85142.File.File.tmp\/pr-energie-von-der-sonne.pdf\" target=\"_blank\">Energie von der Sonne<\/a><\/p>\n<p><img loading=\"lazy\" decoding=\"async\" class=\"alignleft size-full wp-image-177\" title=\"Stadtwerke Bochum-Solarradar\" src=\"https:\/\/www.demmelhuber-bochum.de\/wp-content\/uploads\/Stadtwerke-Bochum-Solarradar.jpg\" alt=\"\" width=\"100\" height=\"86\" \/><br \/>\n<span style=\"color: #ffffff;\">.<\/span><br \/>\nStadtwerke Bochum <a title=\"Solarradar\" href=\"http:\/\/www.stadtwerke-bochum.de\/privatkunden\/produkte\/dienstleistungen\/solarradar.html\" target=\"_blank\">Solarradar<\/a><br \/>\n<span style=\"color: #ffffff;\">.<\/span><br \/>\n<span style=\"color: #ffffff;\"> .<\/span><br \/>\n<span style=\"color: #ffffff;\"> .<\/span><br \/>\nDie Infothek wird st\u00e4ndig erweitert<\/p>\n","protected":false},"excerpt":{"rendered":"<p>Badplanung: Hans Grohe Komplettkatalog Die fugenlose Alternative zu Fliesen: Naturofloor by Savamea Fugenlose Bodenbel\u00e4ge sind bei Wohnexperten ein absolutes Muss, deshalb erfreut sich Naturofloor immer gr\u00f6\u00dferer Beliebtheit. Der Bodenbelag von Naturofloor bietet noch zahlreiche weitere Vorteile: Mineralische Bodenbel\u00e4ge von Naturofloor liegen absolut im Trend, haben einen einmaligen, handgefertigten Belag und stellen wegen ihrer unendlichen Vielfalt [&hellip;]<\/p>\n","protected":false},"author":1,"featured_media":0,"parent":0,"menu_order":0,"comment_status":"closed","ping_status":"closed","template":"","meta":{"ngg_post_thumbnail":0,"footnotes":""},"class_list":["post-95","page","type-page","status-publish","hentry"],"aioseo_notices":[],"_links":{"self":[{"href":"https:\/\/www.demmelhuber-bochum.de\/index.php?rest_route=\/wp\/v2\/pages\/95","targetHints":{"allow":["GET"]}}],"collection":[{"href":"https:\/\/www.demmelhuber-bochum.de\/index.php?rest_route=\/wp\/v2\/pages"}],"about":[{"href":"https:\/\/www.demmelhuber-bochum.de\/index.php?rest_route=\/wp\/v2\/types\/page"}],"author":[{"embeddable":true,"href":"https:\/\/www.demmelhuber-bochum.de\/index.php?rest_route=\/wp\/v2\/users\/1"}],"replies":[{"embeddable":true,"href":"https:\/\/www.demmelhuber-bochum.de\/index.php?rest_route=%2Fwp%2Fv2%2Fcomments&post=95"}],"version-history":[{"count":34,"href":"https:\/\/www.demmelhuber-bochum.de\/index.php?rest_route=\/wp\/v2\/pages\/95\/revisions"}],"predecessor-version":[{"id":673,"href":"https:\/\/www.demmelhuber-bochum.de\/index.php?rest_route=\/wp\/v2\/pages\/95\/revisions\/673"}],"wp:attachment":[{"href":"https:\/\/www.demmelhuber-bochum.de\/index.php?rest_route=%2Fwp%2Fv2%2Fmedia&parent=95"}],"curies":[{"name":"wp","href":"https:\/\/api.w.org\/{rel}","templated":true}]}}